{"id":5,"date":"2019-07-25T14:16:36","date_gmt":"2019-07-25T14:16:36","guid":{"rendered":"http:\/\/hosting127708.a2feb.netcup.net\/?page_id=5"},"modified":"2019-07-25T19:17:48","modified_gmt":"2019-07-25T17:17:48","slug":"leistungen","status":"publish","type":"page","link":"https:\/\/www.malermeister-lingk.de\/?page_id=5","title":{"rendered":"Leistungen"},"content":{"rendered":"\n<ul class=\"wp-block-list\"><li><strong>ganzheitliche Betreuung von Villen und Arztpraxen (Pflege, Wartung )<\/strong><\/li><li><strong>Handwerksaufgaben ( z.B. Alarmanlagenreperatur)&nbsp;<\/strong><\/li><li><strong>Umfassende technische Beratung<\/strong><\/li><\/ul>\n\n\n\n<figure class=\"wp-block-image\"><img loading=\"lazy\" decoding=\"async\" width=\"555\" height=\"278\" src=\"http:\/\/hosting127708.a2feb.netcup.net\/wp-content\/uploads\/2019\/07\/leistungen.jpg\" alt=\"\" class=\"wp-image-31\" srcset=\"https:\/\/www.malermeister-lingk.de\/wp-content\/uploads\/2019\/07\/leistungen.jpg 555w, https:\/\/www.malermeister-lingk.de\/wp-content\/uploads\/2019\/07\/leistungen-300x150.jpg 300w\" sizes=\"auto, (max-width: 555px) 100vw, 555px\" \/><\/figure>\n\n\n\n<p>Zu unseren Leistungen geh\u00f6ren weiterhin:<\/p>\n\n\n\n<ul class=\"wp-block-list\"><li>Farbdesign (Gestaltung der Farben)<\/li><li>kreative und traditionelle Maltechniken<\/li><li>Spachteltechniken<\/li><li>Tapezierarbeiten<\/li><li>Lackierarbeiten<\/li><li>Fu\u00dfbodenbel\u00e4ge aller Art<\/li><li>Holzfu\u00dfb\u00f6den verlegen<\/li><li>Versiegelungen<\/li><li>Fassadengestaltung (auch im Au\u00dfenbereich)<\/li><li>Trockenbau<\/li><\/ul>\n\n\n\n<div class=\"wp-block-button is-style-squared\"><a class=\"wp-block-button__link\" href=\"http:\/\/hosting127708.a2feb.netcup.net\/?page_id=6\">Vereinbaren Sie einen Termin<\/a><\/div>\n","protected":false},"excerpt":{"rendered":"<p>ganzheitliche Betreuung von Villen und Arztpraxen (Pflege, Wartung ) Handwerksaufgaben ( z.B. Alarmanlagenreperatur)&nbsp; Umfassende technische Beratung Zu unseren Leistungen geh\u00f6ren weiterhin: Farbdesign (Gestaltung der Farben) kreative und traditionelle Maltechniken Spachteltechniken Tapezierarbeiten Lackierarbeiten Fu\u00dfbodenbel\u00e4ge aller Art Holzfu\u00dfb\u00f6den verlegen Versiegelungen Fassadengestaltung (auch im Au\u00dfenbereich) Trockenbau<\/p>\n","protected":false},"author":1,"featured_media":0,"parent":0,"menu_order":0,"comment_status":"closed","ping_status":"closed","template":"","meta":{"site-sidebar-layout":"default","site-content-layout":"default","ast-site-content-layout":"default","site-content-style":"default","site-sidebar-style":"default","ast-global-header-display":"","ast-banner-title-visibility":"","ast-main-header-display":"","ast-hfb-above-header-display":"","ast-hfb-below-header-display":"","ast-hfb-mobile-header-display":"","site-post-title":"","ast-breadcrumbs-content":"","ast-featured-img":"","footer-sml-layout":"","ast-disable-related-posts":"","theme-transparent-header-meta":"default","adv-header-id-meta":"","stick-header-meta":"","header-above-stick-meta":"","header-main-stick-meta":"","header-below-stick-meta":"","astra-migrate-meta-layouts":"default","ast-page-background-enabled":"default","ast-page-background-meta":{"desktop":{"background-color":"","background-image":"","background-repeat":"repeat","background-position":"center center","background-size":"auto","background-attachment":"scroll","background-type":"","background-media":"","overlay-type":"","overlay-color":"","overlay-opacity":"","overlay-gradient":""},"tablet":{"background-color":"","background-image":"","background-repeat":"repeat","background-position":"center center","background-size":"auto","background-attachment":"scroll","background-type":"","background-media":"","overlay-type":"","overlay-color":"","overlay-opacity":"","overlay-gradient":""},"mobile":{"background-color":"","background-image":"","background-repeat":"repeat","background-position":"center center","background-size":"auto","background-attachment":"scroll","background-type":"","background-media":"","overlay-type":"","overlay-color":"","overlay-opacity":"","overlay-gradient":""}},"ast-content-background-meta":{"desktop":{"background-color":"var(--ast-global-color-5)","background-image":"","background-repeat":"repeat","background-position":"center center","background-size":"auto","background-attachment":"scroll","background-type":"","background-media":"","overlay-type":"","overlay-color":"","overlay-opacity":"","overlay-gradient":""},"tablet":{"background-color":"var(--ast-global-color-5)","background-image":"","background-repeat":"repeat","background-position":"center center","background-size":"auto","background-attachment":"scroll","background-type":"","background-media":"","overlay-type":"","overlay-color":"","overlay-opacity":"","overlay-gradient":""},"mobile":{"background-color":"var(--ast-global-color-5)","background-image":"","background-repeat":"repeat","background-position":"center center","background-size":"auto","background-attachment":"scroll","background-type":"","background-media":"","overlay-type":"","overlay-color":"","overlay-opacity":"","overlay-gradient":""}},"footnotes":""},"class_list":["post-5","page","type-page","status-publish","hentry"],"_links":{"self":[{"href":"https:\/\/www.malermeister-lingk.de\/index.php?rest_route=\/wp\/v2\/pages\/5","targetHints":{"allow":["GET"]}}],"collection":[{"href":"https:\/\/www.malermeister-lingk.de\/index.php?rest_route=\/wp\/v2\/pages"}],"about":[{"href":"https:\/\/www.malermeister-lingk.de\/index.php?rest_route=\/wp\/v2\/types\/page"}],"author":[{"embeddable":true,"href":"https:\/\/www.malermeister-lingk.de\/index.php?rest_route=\/wp\/v2\/users\/1"}],"replies":[{"embeddable":true,"href":"https:\/\/www.malermeister-lingk.de\/index.php?rest_route=%2Fwp%2Fv2%2Fcomments&post=5"}],"version-history":[{"count":4,"href":"https:\/\/www.malermeister-lingk.de\/index.php?rest_route=\/wp\/v2\/pages\/5\/revisions"}],"predecessor-version":[{"id":85,"href":"https:\/\/www.malermeister-lingk.de\/index.php?rest_route=\/wp\/v2\/pages\/5\/revisions\/85"}],"wp:attachment":[{"href":"https:\/\/www.malermeister-lingk.de\/index.php?rest_route=%2Fwp%2Fv2%2Fmedia&parent=5"}],"curies":[{"name":"wp","href":"https:\/\/api.w.org\/{rel}","templated":true}]}}